{"id":264,"date":"2021-05-05T09:24:33","date_gmt":"2021-05-05T07:24:33","guid":{"rendered":"https:\/\/www.sultan-baharat.de\/?page_id=264"},"modified":"2023-07-02T20:56:31","modified_gmt":"2023-07-02T18:56:31","slug":"weisser-pfeffer-ganz","status":"publish","type":"page","link":"https:\/\/www.sultan-baharat.de\/tr\/weisser-pfeffer-ganz\/","title":{"rendered":"Weisser Pfeffer ganz"},"content":{"rendered":"<section class=\"wpb-content-wrapper\"><div class=\"vc_row wpb_row vc_row-fluid\"><div class=\"wpb_column vc_column_container vc_col-sm-12\"><div class=\"vc_column-inner\"><div class=\"wpb_wrapper\"><div class=\"vc_empty_space\"   style=\"height: 20px\"><span class=\"vc_empty_space_inner\"><\/span><\/div><\/div><\/div><\/div><\/div><div class=\"vc_row wpb_row vc_row-fluid\"><div class=\"wpb_column vc_column_container vc_col-sm-3\"><div class=\"vc_column-inner\"><div class=\"wpb_wrapper\">\n\t<div  class=\"wpb_single_image wpb_content_element vc_align_left\">\n\t\t\n\t\t<figure class=\"wpb_wrapper vc_figure\">\n\t\t\t<div class=\"vc_single_image-wrapper   vc_box_border_grey\"><img loading=\"lazy\" decoding=\"async\" width=\"500\" height=\"625\" src=\"https:\/\/www.sultan-baharat.de\/wp-content\/uploads\/2023\/07\/167_Sultan_Beyazbiber_Buetuen_Glas.png\" class=\"vc_single_image-img attachment-full\" alt=\"\" title=\"167_Sultan_Beyazbiber_Bu\u0308tu\u0308n_Glas\" srcset=\"https:\/\/www.sultan-baharat.de\/wp-content\/uploads\/2023\/07\/167_Sultan_Beyazbiber_Buetuen_Glas.png 500w, https:\/\/www.sultan-baharat.de\/wp-content\/uploads\/2023\/07\/167_Sultan_Beyazbiber_Buetuen_Glas-240x300.png 240w, https:\/\/www.sultan-baharat.de\/wp-content\/uploads\/2023\/07\/167_Sultan_Beyazbiber_Buetuen_Glas-10x12.png 10w, https:\/\/www.sultan-baharat.de\/wp-content\/uploads\/2023\/07\/167_Sultan_Beyazbiber_Buetuen_Glas-117x146.png 117w, https:\/\/www.sultan-baharat.de\/wp-content\/uploads\/2023\/07\/167_Sultan_Beyazbiber_Buetuen_Glas-40x50.png 40w, https:\/\/www.sultan-baharat.de\/wp-content\/uploads\/2023\/07\/167_Sultan_Beyazbiber_Buetuen_Glas-60x75.png 60w\" sizes=\"auto, (max-width:767px) 480px, 500px\" \/><\/div>\n\t\t<\/figure>\n\t<\/div>\n<\/div><\/div><\/div><div class=\"wpb_column vc_column_container vc_col-sm-9\"><div class=\"vc_column-inner\"><div class=\"wpb_wrapper\">\n\t<div class=\"wpb_text_column wpb_content_element\" >\n\t\t<div class=\"wpb_wrapper\">\n\t\t\t<h3>Bilgi al<\/h3>\n\n\t\t<\/div>\n\t<\/div>\n<div class=\"vc_separator wpb_content_element vc_separator_align_center vc_sep_width_100 vc_sep_pos_align_center vc_separator_no_text vc_sep_color_green\" ><span class=\"vc_sep_holder vc_sep_holder_l\"><span class=\"vc_sep_line\"><\/span><\/span><span class=\"vc_sep_holder vc_sep_holder_r\"><span class=\"vc_sep_line\"><\/span><\/span>\n<\/div>\n\t<div class=\"wpb_text_column wpb_content_element\" >\n\t\t<div class=\"wpb_wrapper\">\n\t\t\t<div id=\"quform-f8d3df\" class=\"quform quform-1 quform-theme-light quform-support-page-caching quform-is-first-page\"><form id=\"quform-form-f8d3df\" class=\"quform-form quform-form-1\" action=\"\/tr\/wp-json\/wp\/v2\/pages\/264#quform-f8d3df\" method=\"post\" enctype=\"multipart\/form-data\" novalidate=\"novalidate\" data-options=\"{&quot;id&quot;:1,&quot;uniqueId&quot;:&quot;f8d3df&quot;,&quot;theme&quot;:&quot;light&quot;,&quot;ajax&quot;:true,&quot;logic&quot;:{&quot;logic&quot;:{&quot;38&quot;:{&quot;action&quot;:true,&quot;match&quot;:&quot;all&quot;,&quot;rules&quot;:[{&quot;elementId&quot;:&quot;32&quot;,&quot;operator&quot;:&quot;eq&quot;,&quot;optionId&quot;:&quot;1&quot;,&quot;value&quot;:&quot;Kleine Dose&quot;}]},&quot;39&quot;:{&quot;action&quot;:true,&quot;match&quot;:&quot;all&quot;,&quot;rules&quot;:[{&quot;elementId&quot;:&quot;32&quot;,&quot;operator&quot;:&quot;eq&quot;,&quot;optionId&quot;:&quot;2&quot;,&quot;value&quot;:&quot;Gro\\u00dfe Dose&quot;}]},&quot;40&quot;:{&quot;action&quot;:true,&quot;match&quot;:&quot;all&quot;,&quot;rules&quot;:[{&quot;elementId&quot;:&quot;32&quot;,&quot;operator&quot;:&quot;eq&quot;,&quot;optionId&quot;:&quot;3&quot;,&quot;value&quot;:&quot;5,5 Liter Eimer&quot;}]},&quot;41&quot;:{&quot;action&quot;:true,&quot;match&quot;:&quot;all&quot;,&quot;rules&quot;:[{&quot;elementId&quot;:&quot;32&quot;,&quot;operator&quot;:&quot;eq&quot;,&quot;optionId&quot;:&quot;4&quot;,&quot;value&quot;:&quot;10,9 Liter Eimer&quot;}]}},&quot;dependents&quot;:{&quot;32&quot;:[38,39,40,41]},&quot;elementIds&quot;:[38,39,40,41],&quot;dependentElementIds&quot;:[&quot;32&quot;],&quot;animate&quot;:true},&quot;currentPageId&quot;:29,&quot;errorsIcon&quot;:&quot;&quot;,&quot;updateFancybox&quot;:true,&quot;hasPages&quot;:true,&quot;pages&quot;:[29,1],&quot;pageProgressType&quot;:&quot;numbers&quot;,&quot;tooltipsEnabled&quot;:true,&quot;tooltipClasses&quot;:&quot;qtip-quform-dark qtip-shadow&quot;,&quot;tooltipMy&quot;:&quot;left center&quot;,&quot;tooltipAt&quot;:&quot;right center&quot;,&quot;isRtl&quot;:false,&quot;scrollOffset&quot;:-50,&quot;scrollSpeed&quot;:800}\" data-trp-original-action=\"\/tr\/wp-json\/wp\/v2\/pages\/264#quform-f8d3df\"><button class=\"quform-default-submit\" name=\"quform_submit\" type=\"submit\" value=\"submit\" aria-hidden=\"true\" tabindex=\"-1\"><\/button><div class=\"quform-form-inner quform-form-inner-1\"><input type=\"hidden\" name=\"quform_form_id\" value=\"1\" \/><input type=\"hidden\" name=\"quform_form_uid\" value=\"f8d3df\" \/><input type=\"hidden\" name=\"quform_count\" value=\"1\" \/><input type=\"hidden\" name=\"form_url\" value=\"https:\/\/www.sultan-baharat.de\/tr\/wp-json\/wp\/v2\/pages\/264\" \/><input type=\"hidden\" name=\"referring_url\" value=\"\" \/><input type=\"hidden\" name=\"post_id\" value=\"\" \/><input type=\"hidden\" name=\"post_title\" value=\"\" \/><input type=\"hidden\" name=\"quform_current_page_id\" value=\"29\" \/><input type=\"hidden\" name=\"quform_csrf_token\" value=\"EnvNvcEJBkcuwqiEpABFZHKCTf1jU1MaWxgCSick\" \/><div class=\"quform-elements quform-elements-1 quform-cf quform-responsive-elements-phone-landscape\"><div class=\"quform-page-progress quform-page-progress-type-numbers\"><div class=\"quform-page-progress-bar\" style=\"width: 50%;\"><span class=\"quform-page-progress-text\">Seite <span class=\"quform-page-progress-number\">1<\/span> von 2<\/span><\/div><\/div><div class=\"quform-element quform-element-page quform-page-29 quform-page-1_29 quform-cf quform-group-style-plain quform-first-page quform-current-page\"><div class=\"quform-child-elements\"><div class=\"quform-element quform-element-checkbox quform-element-1_32 quform-cf quform-element-optional\"><div class=\"quform-spacer\"><div class=\"quform-label quform-label-1_32\"><label class=\"quform-label-text\" id=\"quform_1_32_f8d3df_label\">Gr\u00f6\u00dfe ausw\u00e4hlen<\/label><\/div><div class=\"quform-inner quform-inner-checkbox quform-inner-1_32\"><div class=\"quform-input quform-input-checkbox quform-input-1_32 quform-cf\"><div class=\"quform-options quform-cf quform-options-columns quform-4-columns quform-responsive-columns-phone-landscape quform-options-simple\" role=\"group\" aria-labelledby=\"quform_1_32_f8d3df_label\"><div class=\"quform-option\"><input type=\"checkbox\" name=\"quform_1_32[]\" id=\"quform_1_32_f8d3df_1\" class=\"quform-field quform-field-checkbox quform-field-1_32 quform-field-1_32_1\" value=\"Kleine Dose\" \/><label for=\"quform_1_32_f8d3df_1\" class=\"quform-option-label quform-option-label-1_32_1\"><span class=\"quform-option-text\">Kleine Dose<\/span><\/label><\/div><div class=\"quform-option\"><input type=\"checkbox\" name=\"quform_1_32[]\" id=\"quform_1_32_f8d3df_2\" class=\"quform-field quform-field-checkbox quform-field-1_32 quform-field-1_32_2\" value=\"Gro\u00dfe Dose\" \/><label for=\"quform_1_32_f8d3df_2\" class=\"quform-option-label quform-option-label-1_32_2\"><span class=\"quform-option-text\">Gro\u00dfe Dose<\/span><\/label><\/div><div class=\"quform-option\"><input type=\"checkbox\" name=\"quform_1_32[]\" id=\"quform_1_32_f8d3df_3\" class=\"quform-field quform-field-checkbox quform-field-1_32 quform-field-1_32_3\" value=\"5,5 Liter Eimer\" \/><label for=\"quform_1_32_f8d3df_3\" class=\"quform-option-label quform-option-label-1_32_3\"><span class=\"quform-option-text\">5,5 Liter Eimer<\/span><\/label><\/div><div class=\"quform-option\"><input type=\"checkbox\" name=\"quform_1_32[]\" id=\"quform_1_32_f8d3df_4\" class=\"quform-field quform-field-checkbox quform-field-1_32 quform-field-1_32_4\" value=\"10,9 Liter Eimer\" \/><label for=\"quform_1_32_f8d3df_4\" class=\"quform-option-label quform-option-label-1_32_4\"><span class=\"quform-option-text\">10,9 Liter Eimer<\/span><\/label><\/div><\/div><\/div><\/div><\/div><\/div><div class=\"quform-element quform-element-row quform-element-row-1_33 quform-4-columns quform-element-row-size-fixed quform-responsive-columns-phone-landscape\"><div class=\"quform-element quform-element-column quform-element-1_34\"><div class=\"quform-element quform-element-html quform-element-1_38 quform-cf\"><div class=\"quform-spacer\"><img loading=\"lazy\" decoding=\"async\" class=\"alignnone size-medium wp-image-204\" src=\"https:\/\/www.sultan-baharat.de\/wp-content\/uploads\/2021\/05\/kleine_dose_-182x300.jpg\" alt=\"\" width=\"182\" height=\"300\" srcset=\"https:\/\/www.sultan-baharat.de\/wp-content\/uploads\/2021\/05\/kleine_dose_-182x300.jpg 182w, https:\/\/www.sultan-baharat.de\/wp-content\/uploads\/2021\/05\/kleine_dose_-89x146.jpg 89w, https:\/\/www.sultan-baharat.de\/wp-content\/uploads\/2021\/05\/kleine_dose_-30x50.jpg 30w, https:\/\/www.sultan-baharat.de\/wp-content\/uploads\/2021\/05\/kleine_dose_-46x75.jpg 46w, https:\/\/www.sultan-baharat.de\/wp-content\/uploads\/2021\/05\/kleine_dose_.jpg 304w\" sizes=\"auto, (max-width:767px) 182px, 182px\" \/><\/div><\/div><\/div><div class=\"quform-element quform-element-column quform-element-1_35\"><div class=\"quform-element quform-element-html quform-element-1_39 quform-cf\"><div class=\"quform-spacer\"><img loading=\"lazy\" decoding=\"async\" class=\"alignnone wp-image-175 size-medium\" src=\"https:\/\/www.sultan-baharat.de\/wp-content\/uploads\/2021\/05\/grosse_dose_-158x300.jpg\" alt=\"\" width=\"158\" height=\"300\" srcset=\"https:\/\/www.sultan-baharat.de\/wp-content\/uploads\/2021\/05\/grosse_dose_-158x300.jpg 158w, https:\/\/www.sultan-baharat.de\/wp-content\/uploads\/2021\/05\/grosse_dose_-77x146.jpg 77w, https:\/\/www.sultan-baharat.de\/wp-content\/uploads\/2021\/05\/grosse_dose_-26x50.jpg 26w, https:\/\/www.sultan-baharat.de\/wp-content\/uploads\/2021\/05\/grosse_dose_-40x75.jpg 40w, https:\/\/www.sultan-baharat.de\/wp-content\/uploads\/2021\/05\/grosse_dose_.jpg 264w\" sizes=\"auto, (max-width:767px) 158px, 158px\" \/><\/div><\/div><\/div><div class=\"quform-element quform-element-column quform-element-1_36\"><div class=\"quform-element quform-element-html quform-element-1_40 quform-cf\"><div class=\"quform-spacer\"><img loading=\"lazy\" decoding=\"async\" class=\"alignnone wp-image-143 size-medium\" src=\"https:\/\/www.sultan-baharat.de\/wp-content\/uploads\/2021\/05\/55_liter_eimer-268x300.jpg\" alt=\"\" width=\"268\" height=\"300\" srcset=\"https:\/\/www.sultan-baharat.de\/wp-content\/uploads\/2021\/05\/55_liter_eimer-268x300.jpg 268w, https:\/\/www.sultan-baharat.de\/wp-content\/uploads\/2021\/05\/55_liter_eimer-131x146.jpg 131w, https:\/\/www.sultan-baharat.de\/wp-content\/uploads\/2021\/05\/55_liter_eimer-45x50.jpg 45w, https:\/\/www.sultan-baharat.de\/wp-content\/uploads\/2021\/05\/55_liter_eimer-67x75.jpg 67w, https:\/\/www.sultan-baharat.de\/wp-content\/uploads\/2021\/05\/55_liter_eimer.jpg 447w\" sizes=\"auto, (max-width:767px) 268px, 268px\" \/><\/div><\/div><\/div><div class=\"quform-element quform-element-column quform-element-1_37\"><div class=\"quform-element quform-element-html quform-element-1_41 quform-cf\"><div class=\"quform-spacer\"><img loading=\"lazy\" decoding=\"async\" class=\"alignnone wp-image-144 size-medium\" src=\"https:\/\/www.sultan-baharat.de\/wp-content\/uploads\/2021\/05\/109_liter_eimer_-268x300.jpg\" alt=\"\" width=\"268\" height=\"300\" srcset=\"https:\/\/www.sultan-baharat.de\/wp-content\/uploads\/2021\/05\/109_liter_eimer_-268x300.jpg 268w, https:\/\/www.sultan-baharat.de\/wp-content\/uploads\/2021\/05\/109_liter_eimer_-131x146.jpg 131w, https:\/\/www.sultan-baharat.de\/wp-content\/uploads\/2021\/05\/109_liter_eimer_-45x50.jpg 45w, https:\/\/www.sultan-baharat.de\/wp-content\/uploads\/2021\/05\/109_liter_eimer_-67x75.jpg 67w, https:\/\/www.sultan-baharat.de\/wp-content\/uploads\/2021\/05\/109_liter_eimer_.jpg 447w\" sizes=\"auto, (max-width:767px) 268px, 268px\" \/><\/div><\/div><\/div><\/div><div class=\"quform-element quform-element-submit quform-element-1_30 quform-cf quform-button-style-theme\"><div class=\"quform-button-next quform-button-next-default quform-button-next-1_30 quform-button-icon-right\"><button name=\"quform_submit\" type=\"submit\" class=\"quform-next\" value=\"submit\"><span class=\"quform-button-text quform-button-next-text\">N\u00e4chste Seite<\/span><span class=\"quform-button-icon quform-button-next-icon\"><i class=\"fa fa-arrow-right\"><\/i><\/span><\/button><\/div><div class=\"quform-loading quform-loading-position-left quform-loading-type-spinner-1\"><div class=\"quform-loading-inner\"><div class=\"quform-loading-spinner\"><div class=\"quform-loading-spinner-inner\"><\/div><\/div><\/div><\/div><\/div><\/div><\/div><div class=\"quform-element quform-element-page quform-page-1 quform-page-1_1 quform-cf quform-group-style-plain quform-last-page\"><div class=\"quform-child-elements\"><div class=\"quform-element quform-element-name quform-element-1_3 quform-cf quform-element-required\"><div class=\"quform-spacer\"><div class=\"quform-label quform-label-1_3\"><label class=\"quform-label-text\" id=\"quform_1_3_f8d3df_label\">Isim ve soyisim<span class=\"quform-required\">*<\/span><\/label><\/div><div class=\"quform-inner quform-inner-name quform-inner-1_3\"><div class=\"quform-input quform-input-name quform-input-1_3 quform-cf\"><div class=\"quform-element-row quform-2-columns quform-element-row-size-fixed quform-responsive-columns-phone-landscape\"><div class=\"quform-element-column\"><div class=\"quform-element quform-element-text quform-element-1_3_2 quform-cf quform-element-required\"><div class=\"quform-spacer\"><div class=\"quform-inner quform-inner-text quform-inner-1_3_2\"><div class=\"quform-input quform-input-text quform-input-1_3_2 quform-cf\"><input type=\"text\" id=\"quform_1_3_2_f8d3df\" name=\"quform_1_3[2]\" class=\"quform-field quform-field-text quform-field-1_3_2\" aria-labelledby=\"quform_1_3_f8d3df_label quform_1_3_2_f8d3df_sub_label_below\" \/><\/div><label id=\"quform_1_3_2_f8d3df_sub_label_below\" class=\"quform-sub-label quform-sub-label-below\">Vorname<\/label><\/div><\/div><\/div><\/div><div class=\"quform-element-column\"><div class=\"quform-element quform-element-text quform-element-1_3_4 quform-cf quform-element-required\"><div class=\"quform-spacer\"><div class=\"quform-inner quform-inner-text quform-inner-1_3_4\"><div class=\"quform-input quform-input-text quform-input-1_3_4 quform-cf\"><input type=\"text\" id=\"quform_1_3_4_f8d3df\" name=\"quform_1_3[4]\" class=\"quform-field quform-field-text quform-field-1_3_4\" aria-labelledby=\"quform_1_3_f8d3df_label quform_1_3_4_f8d3df_sub_label_below\" \/><\/div><label id=\"quform_1_3_4_f8d3df_sub_label_below\" class=\"quform-sub-label quform-sub-label-below\">Nachname<\/label><\/div><\/div><\/div><\/div><\/div><\/div><\/div><\/div><\/div><div class=\"quform-element quform-element-row quform-element-row-1_5 quform-2-columns quform-element-row-size-fixed quform-responsive-columns-phone-landscape\"><div class=\"quform-element quform-element-column quform-element-1_6\"><div class=\"quform-element quform-element-email quform-element-1_4 quform-cf quform-element-required\"><div class=\"quform-spacer\"><div class=\"quform-label quform-label-1_4\"><label class=\"quform-label-text\" for=\"quform_1_4_f8d3df\">E-Mail-Adresiniz<span class=\"quform-required\">*<\/span><\/label><\/div><div class=\"quform-inner quform-inner-email quform-inner-1_4\"><div class=\"quform-input quform-input-email quform-input-1_4 quform-cf\"><input type=\"email\" id=\"quform_1_4_f8d3df\" name=\"quform_1_4\" class=\"quform-field quform-field-email quform-field-1_4\" \/><\/div><\/div><\/div><\/div><\/div><div class=\"quform-element quform-element-column quform-element-1_7\"><div class=\"quform-element quform-element-text quform-element-1_8 quform-cf quform-element-required\"><div class=\"quform-spacer\"><div class=\"quform-label quform-label-1_8\"><label class=\"quform-label-text\" for=\"quform_1_8_f8d3df\">Telefon Numaran\u0131z<span class=\"quform-required\">*<\/span><\/label><\/div><div class=\"quform-inner quform-inner-text quform-inner-1_8\"><div class=\"quform-input quform-input-text quform-input-1_8 quform-cf\"><input type=\"text\" id=\"quform_1_8_f8d3df\" name=\"quform_1_8\" class=\"quform-field quform-field-text quform-field-1_8\" \/><\/div><\/div><\/div><\/div><\/div><\/div><div class=\"quform-element quform-element-row quform-element-row-1_9 quform-3-columns quform-element-row-size-fixed quform-responsive-columns-phone-landscape\"><div class=\"quform-element quform-element-column quform-element-1_10\"><div class=\"quform-element quform-element-text quform-element-1_12 quform-cf quform-element-required\"><div class=\"quform-spacer\"><div class=\"quform-label quform-label-1_12\"><label class=\"quform-label-text\" for=\"quform_1_12_f8d3df\">Stra\u00dfe, Hausnr.<span class=\"quform-required\">*<\/span><\/label><\/div><div class=\"quform-inner quform-inner-text quform-inner-1_12\"><div class=\"quform-input quform-input-text quform-input-1_12 quform-cf\"><input type=\"text\" id=\"quform_1_12_f8d3df\" name=\"quform_1_12\" class=\"quform-field quform-field-text quform-field-1_12\" \/><\/div><\/div><\/div><\/div><\/div><div class=\"quform-element quform-element-column quform-element-1_11\"><div class=\"quform-element quform-element-text quform-element-1_13 quform-cf quform-element-required\"><div class=\"quform-spacer\"><div class=\"quform-label quform-label-1_13\"><label class=\"quform-label-text\" for=\"quform_1_13_f8d3df\">PLZ<span class=\"quform-required\">*<\/span><\/label><\/div><div class=\"quform-inner quform-inner-text quform-inner-1_13\"><div class=\"quform-input quform-input-text quform-input-1_13 quform-cf\"><input type=\"text\" id=\"quform_1_13_f8d3df\" name=\"quform_1_13\" class=\"quform-field quform-field-text quform-field-1_13\" \/><\/div><\/div><\/div><\/div><\/div><div class=\"quform-element quform-element-column quform-element-1_14\"><div class=\"quform-element quform-element-text quform-element-1_15 quform-cf quform-element-required\"><div class=\"quform-spacer\"><div class=\"quform-label quform-label-1_15\"><label class=\"quform-label-text\" for=\"quform_1_15_f8d3df\">Ort<span class=\"quform-required\">*<\/span><\/label><\/div><div class=\"quform-inner quform-inner-text quform-inner-1_15\"><div class=\"quform-input quform-input-text quform-input-1_15 quform-cf\"><input type=\"text\" id=\"quform_1_15_f8d3df\" name=\"quform_1_15\" class=\"quform-field quform-field-text quform-field-1_15\" \/><\/div><\/div><\/div><\/div><\/div><\/div><div class=\"quform-element quform-element-text quform-element-1_24 quform-cf quform-element-optional\"><div class=\"quform-spacer\"><div class=\"quform-label quform-label-1_24\"><label class=\"quform-label-text\" for=\"quform_1_24_f8d3df\">\u015eirket<\/label><\/div><div class=\"quform-inner quform-inner-text quform-inner-1_24\"><div class=\"quform-input quform-input-text quform-input-1_24 quform-cf\"><input type=\"text\" id=\"quform_1_24_f8d3df\" name=\"quform_1_24\" class=\"quform-field quform-field-text quform-field-1_24\" \/><\/div><\/div><\/div><\/div><div class=\"quform-element quform-element-text quform-element-1_25 quform-cf quform-element-optional\"><div class=\"quform-spacer\"><div class=\"quform-label quform-label-1_25\"><label class=\"quform-label-text\" for=\"quform_1_25_f8d3df\">Referans<\/label><\/div><div class=\"quform-inner quform-inner-text quform-inner-1_25\"><div class=\"quform-input quform-input-text quform-input-1_25 quform-cf\"><input type=\"text\" id=\"quform_1_25_f8d3df\" name=\"quform_1_25\" class=\"quform-field quform-field-text quform-field-1_25\" \/><\/div><\/div><\/div><\/div><div class=\"quform-element quform-element-textarea quform-element-1_26 quform-cf quform-element-optional\"><div class=\"quform-spacer\"><div class=\"quform-label quform-label-1_26\"><label class=\"quform-label-text\" for=\"quform_1_26_f8d3df\">Mesaj\u0131n\u0131z<\/label><\/div><div class=\"quform-inner quform-inner-textarea quform-inner-1_26\"><div class=\"quform-input quform-input-textarea quform-input-1_26 quform-cf\"><textarea id=\"quform_1_26_f8d3df\" name=\"quform_1_26\" class=\"quform-field quform-field-textarea quform-field-1_26\"><\/textarea><\/div><\/div><\/div><\/div><div class=\"quform-element quform-element-html quform-element-1_28 quform-cf\"><div class=\"quform-spacer\">\u0130leti\u015fim formunu g\u00f6ndererek, verilerinizin mesaj\u0131n\u0131z\u0131 i\u015flemek i\u00e7in kullan\u0131laca\u011f\u0131n\u0131 kabul etmi\u015f olursunuz. G\u00f6nderilen veriler yaln\u0131zca talebinizin i\u015flenmesi amac\u0131yla i\u015flenecektir. (\u0130ptal hakk\u0131nda daha fazla bilgiyi ve notlar\u0131 burada bulabilirsiniz: <a href=\"https:\/\/www.sultan-baharat.de\/tr\/datenschutzerklaerung\/\">Bilgilendirme ve gizlilik kurallar\u0131<\/a> ).<\/div><\/div><div class=\"quform-element quform-element-submit quform-element-1_2 quform-cf quform-button-style-theme\"><div class=\"quform-button-back quform-button-back-default quform-button-back-1_2 quform-button-icon-left\"><button name=\"quform_submit\" type=\"submit\" class=\"quform-back\" value=\"back\"><span class=\"quform-button-icon quform-button-back-icon\"><i class=\"fa fa-arrow-left\"><\/i><\/span><span class=\"quform-button-text quform-button-back-text\">Zur\u00fcck<\/span><\/button><\/div><div class=\"quform-button-submit quform-button-submit-default quform-button-submit-1_2 quform-button-icon-right\"><button name=\"quform_submit\" type=\"submit\" class=\"quform-submit\" value=\"submit\"><span class=\"quform-button-text quform-button-submit-text\">Send<\/span><span class=\"quform-button-icon quform-button-submit-icon\"><i class=\"fa fa-send\"><\/i><\/span><\/button><\/div><div class=\"quform-loading quform-loading-position-left quform-loading-type-spinner-1\"><div class=\"quform-loading-inner\"><div class=\"quform-loading-spinner\"><div class=\"quform-loading-spinner-inner\"><\/div><\/div><\/div><\/div><\/div><div class=\"quform-element-tree\"><label for=\"quform_1_0_f8d3df\">This field should be left blank<\/label><input type=\"text\" id=\"quform_1_0_f8d3df\" name=\"quform_1_0\" class=\"quform-field quform-field-tree quform-field-1_0\" tabindex=\"-1\" autocomplete=\"off\" \/><\/div><\/div><\/div><\/div><\/div><input type=\"hidden\" name=\"trp-form-language\" value=\"tr\"\/><\/form><\/div>\n\n\t\t<\/div>\n\t<\/div>\n<\/div><\/div><\/div><\/div>\n<\/section>","protected":false},"excerpt":{"rendered":"Produktanfrage Seite 1 von 2Gr\u00f6\u00dfe ausw\u00e4hlenKleine DoseGro\u00dfe Dose5,5 Liter Eimer10,9 Liter EimerN\u00e4chste SeiteName*VornameNachnameE-Mail-Adresse*Telefonnummer*Stra\u00dfe, Hausnr.*PLZ*Ort*FirmaBetreffIhre NachrichtMit dem Absenden des Kontaktformulars erkl\u00e4ren Sie sich damit einverstanden, dass Ihre<span class=\"excerpt-hellip\"> [\u2026]<\/span>","protected":false},"author":1,"featured_media":0,"parent":0,"menu_order":0,"comment_status":"closed","ping_status":"closed","template":"","meta":{"footnotes":""},"class_list":["post-264","page","type-page","status-publish","hentry"],"_links":{"self":[{"href":"https:\/\/www.sultan-baharat.de\/tr\/wp-json\/wp\/v2\/pages\/264","targetHints":{"allow":["GET"]}}],"collection":[{"href":"https:\/\/www.sultan-baharat.de\/tr\/wp-json\/wp\/v2\/pages"}],"about":[{"href":"https:\/\/www.sultan-baharat.de\/tr\/wp-json\/wp\/v2\/types\/page"}],"author":[{"embeddable":true,"href":"https:\/\/www.sultan-baharat.de\/tr\/wp-json\/wp\/v2\/users\/1"}],"replies":[{"embeddable":true,"href":"https:\/\/www.sultan-baharat.de\/tr\/wp-json\/wp\/v2\/comments?post=264"}],"version-history":[{"count":0,"href":"https:\/\/www.sultan-baharat.de\/tr\/wp-json\/wp\/v2\/pages\/264\/revisions"}],"wp:attachment":[{"href":"https:\/\/www.sultan-baharat.de\/tr\/wp-json\/wp\/v2\/media?parent=264"}],"curies":[{"name":"wp","href":"https:\/\/api.w.org\/{rel}","templated":true}]}}