{"id":705,"date":"2021-09-16T11:12:44","date_gmt":"2021-09-16T09:12:44","guid":{"rendered":"https:\/\/www.sultan-baharat.de\/?page_id=705"},"modified":"2021-09-30T11:35:25","modified_gmt":"2021-09-30T09:35:25","slug":"rezept-haehnchenspiesse-detail","status":"publish","type":"page","link":"https:\/\/www.sultan-baharat.de\/tr\/rezept-haehnchenspiesse-detail\/","title":{"rendered":"Rezept H\u00e4hnchenspie\u00dfe Detail"},"content":{"rendered":"<section class=\"wpb-content-wrapper\"><div class=\"vc_row wpb_row vc_row-fluid\"><div class=\"wpb_column vc_column_container vc_col-sm-12 vc_hidden-xs\"><div class=\"vc_column-inner\"><div class=\"wpb_wrapper\">\n\t\t\t<!-- START Haehnchenspie\u00dfe Rezept Details REVOLUTION SLIDER 6.6.20 --><p class=\"rs-p-wp-fix\"><\/p>\n\t\t\t<rs-module-wrap id=\"rev_slider_52_1_wrapper\" data-source=\"gallery\" style=\"visibility:hidden;background:transparent;padding:0;margin:0px auto;margin-top:0;margin-bottom:0;\">\n\t\t\t\t<rs-module id=\"rev_slider_52_1\" style=\"\" data-version=\"6.6.20\">\n\t\t\t\t\t<rs-slides style=\"overflow: hidden; position: absolute;\">\n\t\t\t\t\t\t<rs-slide style=\"position: absolute;\" data-key=\"rs-83\" data-title=\"Slide\" data-anim=\"adpr:false;\" data-in=\"o:0;\" data-out=\"a:false;\">\n\t\t\t\t\t\t\t<img decoding=\"async\" src=\"\/\/www.sultan-baharat.de\/wp-content\/plugins\/revslider\/public\/assets\/assets\/dummy.png\" alt=\"Slide\" title=\"Rezept H\u00e4hnchenspie\u00dfe Detail\" class=\"rev-slidebg tp-rs-img rs-lazyload\" data-lazyload=\"\/\/www.sultan-baharat.de\/wp-content\/plugins\/revslider\/public\/assets\/assets\/transparent.png\" data-bg=\"c:#ffffff;\" data-no-retina>\n<!--\n\t\t\t\t\t\t\t--><rs-layer\n\t\t\t\t\t\t\t\tid=\"slider-52-slide-83-layer-0\" \n\t\t\t\t\t\t\t\tdata-type=\"text\"\n\t\t\t\t\t\t\t\tdata-color=\"#000000\"\n\t\t\t\t\t\t\t\tdata-rsp_ch=\"on\"\n\t\t\t\t\t\t\t\tdata-xy=\"x:20px;y:726px;\"\n\t\t\t\t\t\t\t\tdata-text=\"w:normal;s:18;fw:700;\"\n\t\t\t\t\t\t\t\tdata-dim=\"w:1177px;\"\n\t\t\t\t\t\t\t\tdata-frame_999=\"o:0;st:w;\"\n\t\t\t\t\t\t\t\tstyle=\"z-index:12;font-family:'Roboto';\"\n\t\t\t\t\t\t\t>Haz\u0131rlan\u0131\u015f\u0131:<br \/>\n<br \/>\nTavu\u011fu e\u015fit \u015fekilde b\u00fcy\u00fck k\u00fcpler halinde kesin. Sar\u0131msaklar\u0131 soyun ve do\u011fray\u0131n. So\u011fan\u0131 da soyup ince rendeleyin. Marine i\u00e7in sar\u0131msak, limon suyu ve zeytinya\u011f\u0131n\u0131 kar\u0131\u015ft\u0131r\u0131p tuz ve karabiberle tatland\u0131r\u0131n. Kar\u0131\u015f\u0131m topakland\u0131\u011f\u0131nda biraz daha ya\u011f ekleyin, et par\u00e7alar\u0131n\u0131 marine ile iyice kar\u0131\u015ft\u0131r\u0131n ve her \u015feyi b\u00fcy\u00fck bir dondurucu torbas\u0131na koyun. Eti yakla\u015f\u0131k 8 saat buzdolab\u0131nda dinlendirin. <br \/>\n<br \/>\nMarine ettikten sonra tavuk par\u00e7alar\u0131n\u0131 \u015fi\u015flerin \u00fczerine koyun ve \u0131zgaray\u0131 \u00f6nceden \u0131s\u0131t\u0131n. Tavuk \u015fi\u015fleri \u0131zgaraya koyun ve ara s\u0131ra \u00e7evirin. Etler pi\u015ftikten sonra taze do\u011franm\u0131\u015f so\u011fan, domates ve g\u00f6zleme ile servis yap\u0131n. \n\t\t\t\t\t\t\t<\/rs-layer><!--\n\n\t\t\t\t\t\t\t--><rs-layer\n\t\t\t\t\t\t\t\tid=\"slider-52-slide-83-layer-1\" \n\t\t\t\t\t\t\t\tdata-type=\"text\"\n\t\t\t\t\t\t\t\tdata-color=\"#000000\"\n\t\t\t\t\t\t\t\tdata-rsp_ch=\"on\"\n\t\t\t\t\t\t\t\tdata-xy=\"x:20px;y:452px;\"\n\t\t\t\t\t\t\t\tdata-text=\"w:normal;s:18;fw:700;\"\n\t\t\t\t\t\t\t\tdata-dim=\"w:276px;\"\n\t\t\t\t\t\t\t\tdata-frame_999=\"o:0;st:w;\"\n\t\t\t\t\t\t\t\tstyle=\"z-index:10;font-family:'Roboto';\"\n\t\t\t\t\t\t\t>4 ki\u015filik<br \/>\n\u00d6n haz\u0131rl\u0131k: 45 dakika<br \/>\nHaz\u0131rlani\u015fi: 90 dakika \n\t\t\t\t\t\t\t<\/rs-layer><!--\n\n\t\t\t\t\t\t\t--><rs-layer\n\t\t\t\t\t\t\t\tid=\"slider-52-slide-83-layer-2\" \n\t\t\t\t\t\t\t\tdata-type=\"text\"\n\t\t\t\t\t\t\t\tdata-color=\"#000000\"\n\t\t\t\t\t\t\t\tdata-rsp_ch=\"on\"\n\t\t\t\t\t\t\t\tdata-xy=\"x:288px;y:450px;\"\n\t\t\t\t\t\t\t\tdata-text=\"w:normal;s:18;fw:700;\"\n\t\t\t\t\t\t\t\tdata-dim=\"w:370px;\"\n\t\t\t\t\t\t\t\tdata-frame_999=\"o:0;st:w;\"\n\t\t\t\t\t\t\t\tstyle=\"z-index:11;font-family:'Roboto';\"\n\t\t\t\t\t\t\t>Malzemeler:<br \/>\n- 750 gr tavuk g\u00f6\u011f\u00fcs filetosu <br \/>\n- 2 di\u015f sar\u0131msak <br \/>\n- So\u011fan ve domates<br \/>\n- 1 limon <br \/>\n- 100 ml zeytinya\u011f\u0131 <br \/>\n- Dag kekik, k\u0131rm\u0131z\u0131 biber tozu, kekik<br \/>\n- \u00d6\u011f\u00fct\u00fclm\u00fc\u015f kimyon, biber <br \/>\n- Tuz <br \/>\n \n\t\t\t\t\t\t\t<\/rs-layer><!--\n\n\t\t\t\t\t\t\t--><rs-layer\n\t\t\t\t\t\t\t\tid=\"slider-52-slide-83-layer-3\" \n\t\t\t\t\t\t\t\tdata-type=\"image\"\n\t\t\t\t\t\t\t\tdata-rsp_ch=\"on\"\n\t\t\t\t\t\t\t\tdata-xy=\"x:680px;y:33px;\"\n\t\t\t\t\t\t\t\tdata-text=\"w:normal;\"\n\t\t\t\t\t\t\t\tdata-dim=\"w:533px;h:533px;\"\n\t\t\t\t\t\t\t\tdata-border=\"bos:solid;boc:#ffffff;bow:10px,10px,10px,10px;bor:20px,20px,20px,20px;\"\n\t\t\t\t\t\t\t\tdata-frame_999=\"o:0;st:w;\"\n\t\t\t\t\t\t\t\tstyle=\"z-index:20;\"\n\t\t\t\t\t\t\t><img decoding=\"async\" src=\"\/\/www.sultan-baharat.de\/wp-content\/plugins\/revslider\/public\/assets\/assets\/dummy.png\" alt=\"\" class=\"tp-rs-img rs-lazyload\" width=\"533\" height=\"533\" data-lazyload=\"\/\/www.sultan-baharat.de\/wp-content\/uploads\/2021\/09\/Sultan_Website_Rezeptbilder_400x400px18.jpg\" data-no-retina> \n\t\t\t\t\t\t\t<\/rs-layer><!--\n\n\t\t\t\t\t\t\t--><rs-layer\n\t\t\t\t\t\t\t\tid=\"slider-52-slide-83-layer-4\" \n\t\t\t\t\t\t\t\tdata-type=\"image\"\n\t\t\t\t\t\t\t\tdata-rsp_ch=\"on\"\n\t\t\t\t\t\t\t\tdata-xy=\"x:1077px;y:580px;\"\n\t\t\t\t\t\t\t\tdata-text=\"w:normal;\"\n\t\t\t\t\t\t\t\tdata-dim=\"w:140px;h:175px;\"\n\t\t\t\t\t\t\t\tdata-frame_999=\"o:0;st:w;\"\n\t\t\t\t\t\t\t\tstyle=\"z-index:19;\"\n\t\t\t\t\t\t\t><img decoding=\"async\" src=\"\/\/www.sultan-baharat.de\/wp-content\/plugins\/revslider\/public\/assets\/assets\/dummy.png\" alt=\"\" class=\"tp-rs-img rs-lazyload\" width=\"500\" height=\"625\" data-lazyload=\"\/\/www.sultan-baharat.de\/wp-content\/uploads\/2023\/07\/154_Sultan_Kimyon_Tozu_Glas.png\" data-no-retina> \n\t\t\t\t\t\t\t<\/rs-layer><!--\n\n\t\t\t\t\t\t\t--><rs-layer\n\t\t\t\t\t\t\t\tid=\"slider-52-slide-83-layer-5\" \n\t\t\t\t\t\t\t\tdata-type=\"image\"\n\t\t\t\t\t\t\t\tdata-rsp_ch=\"on\"\n\t\t\t\t\t\t\t\tdata-xy=\"x:680px;y:580px;\"\n\t\t\t\t\t\t\t\tdata-text=\"w:normal;\"\n\t\t\t\t\t\t\t\tdata-dim=\"w:140px;h:175px;\"\n\t\t\t\t\t\t\t\tdata-frame_999=\"o:0;st:w;\"\n\t\t\t\t\t\t\t\tstyle=\"z-index:16;\"\n\t\t\t\t\t\t\t><img decoding=\"async\" src=\"\/\/www.sultan-baharat.de\/wp-content\/plugins\/revslider\/public\/assets\/assets\/dummy.png\" alt=\"\" class=\"tp-rs-img rs-lazyload\" width=\"500\" height=\"625\" data-lazyload=\"\/\/www.sultan-baharat.de\/wp-content\/uploads\/2023\/07\/106_Sultan_Dagkekik_Glas.png\" data-no-retina> \n\t\t\t\t\t\t\t<\/rs-layer><!--\n\n\t\t\t\t\t\t\t--><rs-layer\n\t\t\t\t\t\t\t\tid=\"slider-52-slide-83-layer-6\" \n\t\t\t\t\t\t\t\tclass=\"rs-selectable\"\n\t\t\t\t\t\t\t\tdata-type=\"text\"\n\t\t\t\t\t\t\t\tdata-color=\"#000000\"\n\t\t\t\t\t\t\t\tdata-rsp_ch=\"on\"\n\t\t\t\t\t\t\t\tdata-xy=\"x:20px;y:50px;\"\n\t\t\t\t\t\t\t\tdata-text=\"w:normal;s:41;l:48;fw:800;\"\n\t\t\t\t\t\t\t\tdata-frame_999=\"o:0;st:w;sR:8700;\"\n\t\t\t\t\t\t\t\tstyle=\"z-index:8;font-family:'Montserrat';\"\n\t\t\t\t\t\t\t>\u015e\u0130\u015e<br \/>\nTAVUK \n\t\t\t\t\t\t\t<\/rs-layer><!--\n\n\t\t\t\t\t\t\t--><rs-layer\n\t\t\t\t\t\t\t\tid=\"slider-52-slide-83-layer-7\" \n\t\t\t\t\t\t\t\tdata-type=\"text\"\n\t\t\t\t\t\t\t\tdata-color=\"#000000\"\n\t\t\t\t\t\t\t\tdata-rsp_ch=\"on\"\n\t\t\t\t\t\t\t\tdata-xy=\"x:20px;y:200px;\"\n\t\t\t\t\t\t\t\tdata-text=\"w:normal;s:18;fw:500;\"\n\t\t\t\t\t\t\t\tdata-dim=\"w:578px;\"\n\t\t\t\t\t\t\t\tdata-frame_999=\"o:0;st:w;\"\n\t\t\t\t\t\t\t\tstyle=\"z-index:9;font-family:'Montserrat';\"\n\t\t\t\t\t\t\t>Mangal\u0131n vazge\u00e7ilmez lezzeti tabi ki de tavuk \u015fi\u015ftir. Marine edilip \u0131zgarada pi\u015firilen bir yemek tarifi olan tavuk \u015fi\u015f yo\u011furt ve \u00e7esitli baharatlar ile marine edilir.<br \/>\n<br \/>\n\u015ei\u015fleri taze so\u011fan, domates ve g\u00f6zleme ile servis etmenizi tavsiye ederiz.  \n\t\t\t\t\t\t\t<\/rs-layer><!--\n\n\t\t\t\t\t\t\t--><rs-layer\n\t\t\t\t\t\t\t\tid=\"slider-52-slide-83-layer-8\" \n\t\t\t\t\t\t\t\tdata-type=\"image\"\n\t\t\t\t\t\t\t\tdata-rsp_ch=\"on\"\n\t\t\t\t\t\t\t\tdata-xy=\"x:548px;y:303px;\"\n\t\t\t\t\t\t\t\tdata-text=\"w:normal;\"\n\t\t\t\t\t\t\t\tdata-dim=\"w:222px;h:115px;\"\n\t\t\t\t\t\t\t\tdata-btrans=\"rZ:-90;\"\n\t\t\t\t\t\t\t\tdata-frame_0=\"x:50;\"\n\t\t\t\t\t\t\t\tdata-frame_1=\"x:40px;y:-10px;sp:1000;\"\n\t\t\t\t\t\t\t\tdata-frame_999=\"o:0;st:w;\"\n\t\t\t\t\t\t\t\tstyle=\"z-index:14;\"\n\t\t\t\t\t\t\t><img decoding=\"async\" src=\"\/\/www.sultan-baharat.de\/wp-content\/plugins\/revslider\/public\/assets\/assets\/dummy.png\" alt=\"\" class=\"tp-rs-img rs-lazyload\" width=\"359\" height=\"186\" data-lazyload=\"\/\/www.sultan-baharat.de\/wp-content\/uploads\/2021\/09\/Elemente_Home_Slider7.png\" data-no-retina> \n\t\t\t\t\t\t\t<\/rs-layer><!--\n\n\t\t\t\t\t\t\t--><rs-layer\n\t\t\t\t\t\t\t\tid=\"slider-52-slide-83-layer-9\" \n\t\t\t\t\t\t\t\tdata-type=\"image\"\n\t\t\t\t\t\t\t\tdata-rsp_ch=\"on\"\n\t\t\t\t\t\t\t\tdata-xy=\"x:944px;y:580px;\"\n\t\t\t\t\t\t\t\tdata-text=\"w:normal;\"\n\t\t\t\t\t\t\t\tdata-dim=\"w:140px;h:175px;\"\n\t\t\t\t\t\t\t\tdata-frame_999=\"o:0;st:w;\"\n\t\t\t\t\t\t\t\tstyle=\"z-index:18;\"\n\t\t\t\t\t\t\t><img decoding=\"async\" src=\"\/\/www.sultan-baharat.de\/wp-content\/plugins\/revslider\/public\/assets\/assets\/dummy.png\" alt=\"\" class=\"tp-rs-img rs-lazyload\" width=\"500\" height=\"625\" data-lazyload=\"\/\/www.sultan-baharat.de\/wp-content\/uploads\/2023\/07\/101_Sultan_Kekik_Glas-1.png\" data-no-retina> \n\t\t\t\t\t\t\t<\/rs-layer><!--\n\n\t\t\t\t\t\t\t--><rs-layer\n\t\t\t\t\t\t\t\tid=\"slider-52-slide-83-layer-10\" \n\t\t\t\t\t\t\t\tdata-type=\"image\"\n\t\t\t\t\t\t\t\tdata-rsp_ch=\"on\"\n\t\t\t\t\t\t\t\tdata-xy=\"x:812px;y:580px;\"\n\t\t\t\t\t\t\t\tdata-text=\"w:normal;\"\n\t\t\t\t\t\t\t\tdata-dim=\"w:140px;h:175px;\"\n\t\t\t\t\t\t\t\tdata-frame_999=\"o:0;st:w;\"\n\t\t\t\t\t\t\t\tstyle=\"z-index:17;\"\n\t\t\t\t\t\t\t><img decoding=\"async\" src=\"\/\/www.sultan-baharat.de\/wp-content\/plugins\/revslider\/public\/assets\/assets\/dummy.png\" alt=\"\" class=\"tp-rs-img rs-lazyload\" width=\"500\" height=\"625\" data-lazyload=\"\/\/www.sultan-baharat.de\/wp-content\/uploads\/2023\/07\/134_Sultan_Aci_Toz_Biber_Glas.png\" data-no-retina> \n\t\t\t\t\t\t\t<\/rs-layer><!--\n\n\t\t\t\t\t\t\t--><rs-layer\n\t\t\t\t\t\t\t\tid=\"slider-52-slide-83-layer-11\" \n\t\t\t\t\t\t\t\tdata-type=\"image\"\n\t\t\t\t\t\t\t\tdata-rsp_ch=\"on\"\n\t\t\t\t\t\t\t\tdata-xy=\"x:16px;y:570px;\"\n\t\t\t\t\t\t\t\tdata-text=\"w:normal;\"\n\t\t\t\t\t\t\t\tdata-dim=\"w:108px;h:41px;\"\n\t\t\t\t\t\t\t\tdata-btrans=\"rZ:180;\"\n\t\t\t\t\t\t\t\tdata-frame_0=\"x:-50;\"\n\t\t\t\t\t\t\t\tdata-frame_1=\"sp:1000;\"\n\t\t\t\t\t\t\t\tdata-frame_999=\"o:0;st:w;\"\n\t\t\t\t\t\t\t\tstyle=\"z-index:13;\"\n\t\t\t\t\t\t\t><img decoding=\"async\" src=\"\/\/www.sultan-baharat.de\/wp-content\/plugins\/revslider\/public\/assets\/assets\/dummy.png\" alt=\"\" class=\"tp-rs-img rs-lazyload\" width=\"300\" height=\"113\" data-lazyload=\"\/\/www.sultan-baharat.de\/wp-content\/uploads\/2021\/09\/Elemente_Home_Slider3-300x113.png\" data-no-retina> \n\t\t\t\t\t\t\t<\/rs-layer><!--\n\n\t\t\t\t\t\t\t--><rs-layer\n\t\t\t\t\t\t\t\tid=\"slider-52-slide-83-layer-12\" \n\t\t\t\t\t\t\t\tdata-type=\"image\"\n\t\t\t\t\t\t\t\tdata-rsp_ch=\"on\"\n\t\t\t\t\t\t\t\tdata-xy=\"x:1005px;y:121px;\"\n\t\t\t\t\t\t\t\tdata-text=\"w:normal;\"\n\t\t\t\t\t\t\t\tdata-dim=\"w:336px;h:336px;\"\n\t\t\t\t\t\t\t\tdata-btrans=\"rZ:-20;\"\n\t\t\t\t\t\t\t\tdata-frame_0=\"x:-50;\"\n\t\t\t\t\t\t\t\tdata-frame_1=\"sp:1000;\"\n\t\t\t\t\t\t\t\tdata-frame_999=\"o:0;st:w;\"\n\t\t\t\t\t\t\t\tstyle=\"z-index:15;\"\n\t\t\t\t\t\t\t><img decoding=\"async\" src=\"\/\/www.sultan-baharat.de\/wp-content\/plugins\/revslider\/public\/assets\/assets\/dummy.png\" alt=\"\" class=\"tp-rs-img rs-lazyload\" width=\"667\" height=\"667\" data-lazyload=\"\/\/www.sultan-baharat.de\/wp-content\/uploads\/2021\/09\/Elemente_Home_Slider9-1.png\" data-no-retina> \n\t\t\t\t\t\t\t<\/rs-layer><!--\n-->\t\t\t\t\t\t<\/rs-slide>\n\t\t\t\t\t<\/rs-slides>\n\t\t\t\t<\/rs-module>\n\t\t\t\t<script>\n\t\t\t\t\tsetREVStartSize({c: 'rev_slider_52_1',rl:[1240,1024,778,480],el:[1000],gw:[1240],gh:[1000],type:'standard',justify:'',layout:'fullwidth',mh:\"0\"});if (window.RS_MODULES!==undefined && window.RS_MODULES.modules!==undefined && window.RS_MODULES.modules[\"revslider521\"]!==undefined) {window.RS_MODULES.modules[\"revslider521\"].once = false;window.revapi52 = undefined;if (window.RS_MODULES.checkMinimal!==undefined) window.RS_MODULES.checkMinimal()}\n\t\t\t\t<\/script>\n\t\t\t<\/rs-module-wrap>\n\t\t\t<!-- END REVOLUTION SLIDER -->\n<\/div><\/div><\/div><\/div>\n<\/section>","protected":false},"excerpt":{"rendered":"Zubereitung: Das H\u00e4hnchenfleisch gleichm\u00e4\u00dfig in gro\u00dfe W\u00fcrfel schneiden. Den Knoblauch sch\u00e4len und klein hacken. Die Zwiebel ebenfalls sch\u00e4len und fein reiben. Knoblauch, Zitronensaft und Oliven\u00f6l f\u00fcr<span class=\"excerpt-hellip\"> [\u2026]<\/span>","protected":false},"author":1,"featured_media":0,"parent":0,"menu_order":0,"comment_status":"closed","ping_status":"closed","template":"","meta":{"footnotes":""},"class_list":["post-705","page","type-page","status-publish","hentry"],"_links":{"self":[{"href":"https:\/\/www.sultan-baharat.de\/tr\/wp-json\/wp\/v2\/pages\/705","targetHints":{"allow":["GET"]}}],"collection":[{"href":"https:\/\/www.sultan-baharat.de\/tr\/wp-json\/wp\/v2\/pages"}],"about":[{"href":"https:\/\/www.sultan-baharat.de\/tr\/wp-json\/wp\/v2\/types\/page"}],"author":[{"embeddable":true,"href":"https:\/\/www.sultan-baharat.de\/tr\/wp-json\/wp\/v2\/users\/1"}],"replies":[{"embeddable":true,"href":"https:\/\/www.sultan-baharat.de\/tr\/wp-json\/wp\/v2\/comments?post=705"}],"version-history":[{"count":0,"href":"https:\/\/www.sultan-baharat.de\/tr\/wp-json\/wp\/v2\/pages\/705\/revisions"}],"wp:attachment":[{"href":"https:\/\/www.sultan-baharat.de\/tr\/wp-json\/wp\/v2\/media?parent=705"}],"curies":[{"name":"wp","href":"https:\/\/api.w.org\/{rel}","templated":true}]}}